{"id":1152,"date":"2020-12-25T20:40:29","date_gmt":"2020-12-25T19:40:29","guid":{"rendered":"http:\/\/shop2026.sportselite.de\/?post_type=product&#038;p=1152"},"modified":"2025-07-08T13:42:25","modified_gmt":"2025-07-08T11:42:25","slug":"best-gain-power-kopie","status":"publish","type":"product","link":"https:\/\/shop2026.sportselite.de\/?product=best-gain-power-kopie","title":{"rendered":"Energy Cake"},"content":{"rendered":"<p><strong>Zutaten:<\/strong><br \/>\nHaferflocken (45,1%), Invertzuckersirup, Pflanzenfettglasur (Zucker, Palm\u00f6l, Magermilchpulver, Emulgator (Sonnenblumen-Lecithin), nat\u00fcrliches Aroma, Salz), Palm\u00f6l, Sonnenblumen\u00f6l, Joghurtpulver (2,0%), Aroma, Salz<\/p>\n<p><strong>Anmerkung:<\/strong> zwischen den einzelnen Geschmacksrichtungen gibt es Unterschiede in den Zutaten, das PDF mit allen Geschmacksrichtungen finden Sie hier: <a href=\"http:\/\/shop2026.sportselite.de\/wp-content\/uploads\/2020\/12\/Haferriegel-alle-Geschmacksrichtungen.pdf\">Haferriegel alle Geschmacksrichtungen<\/a><\/p>\n","protected":false},"excerpt":{"rendered":"<p>Haferflocken-Riegel in verschiedenen Geschmacksrichtungen.<\/p>\n","protected":false},"featured_media":2880,"template":"","meta":{"inline_featured_image":false},"product_brand":[],"product_cat":[141,60],"product_tag":[],"class_list":{"0":"post-1152","1":"product","2":"type-product","3":"status-publish","4":"has-post-thumbnail","6":"product_cat-empfehlungen","7":"product_cat-riegel","9":"first","10":"instock","11":"featured","12":"taxable","13":"shipping-taxable","14":"purchasable","15":"product-type-variable"},"_links":{"self":[{"href":"https:\/\/shop2026.sportselite.de\/index.php?rest_route=\/wp\/v2\/product\/1152","targetHints":{"allow":["GET"]}}],"collection":[{"href":"https:\/\/shop2026.sportselite.de\/index.php?rest_route=\/wp\/v2\/product"}],"about":[{"href":"https:\/\/shop2026.sportselite.de\/index.php?rest_route=\/wp\/v2\/types\/product"}],"version-history":[{"count":12,"href":"https:\/\/shop2026.sportselite.de\/index.php?rest_route=\/wp\/v2\/product\/1152\/revisions"}],"predecessor-version":[{"id":2958,"href":"https:\/\/shop2026.sportselite.de\/index.php?rest_route=\/wp\/v2\/product\/1152\/revisions\/2958"}],"wp:featuredmedia":[{"embeddable":true,"href":"https:\/\/shop2026.sportselite.de\/index.php?rest_route=\/wp\/v2\/media\/2880"}],"wp:attachment":[{"href":"https:\/\/shop2026.sportselite.de\/index.php?rest_route=%2Fwp%2Fv2%2Fmedia&parent=1152"}],"wp:term":[{"taxonomy":"product_brand","embeddable":true,"href":"https:\/\/shop2026.sportselite.de\/index.php?rest_route=%2Fwp%2Fv2%2Fproduct_brand&post=1152"},{"taxonomy":"product_cat","embeddable":true,"href":"https:\/\/shop2026.sportselite.de\/index.php?rest_route=%2Fwp%2Fv2%2Fproduct_cat&post=1152"},{"taxonomy":"product_tag","embeddable":true,"href":"https:\/\/shop2026.sportselite.de\/index.php?rest_route=%2Fwp%2Fv2%2Fproduct_tag&post=1152"}],"curies":[{"name":"wp","href":"https:\/\/api.w.org\/{rel}","templated":true}]}}