{"id":1584,"date":"2020-12-27T15:47:25","date_gmt":"2020-12-27T14:47:25","guid":{"rendered":"http:\/\/shop2026.sportselite.de\/?post_type=product&#038;p=1584"},"modified":"2026-04-04T19:49:25","modified_gmt":"2026-04-04T17:49:25","slug":"best-arginin","status":"publish","type":"product","link":"https:\/\/shop2026.sportselite.de\/?product=best-arginin","title":{"rendered":"Best Arginin"},"content":{"rendered":"<p><strong>Zutaten:<\/strong><br \/>\nL-Arginin (700 mg pro Kapsel), \u00dcberzugsmittel Hydroxypropylmethyl-Cellolose (HPMC &#8211; Kapselh\u00fclle)<\/p>\n<p><strong>Produktdatenblatt <a href=\"http:\/\/shop2026.sportselite.de\/wp-content\/uploads\/2023\/02\/2023-L-ArgininCaps.pdf\" target=\"_blank\" rel=\"noopener\">Arginin-Kapsel<\/a><\/strong><\/p>\n","protected":false},"excerpt":{"rendered":"<p>Arginin spielt eine wichtige Rolle im Immunsystem und bei Heilungsprozessen im K\u00f6rper. Es kann zwar vom K\u00f6rper selbst synthetisiert werden, doch in Belastungssituationen sollte zus\u00e4tzlich Arginin zugef\u00fchrt werden.<\/p>\n","protected":false},"featured_media":2557,"template":"","meta":{"inline_featured_image":false},"product_brand":[],"product_cat":[77],"product_tag":[],"class_list":{"0":"post-1584","1":"product","2":"type-product","3":"status-publish","4":"has-post-thumbnail","6":"product_cat-muskelaufbau","8":"first","9":"instock","10":"taxable","11":"shipping-taxable","12":"purchasable","13":"product-type-simple"},"_links":{"self":[{"href":"https:\/\/shop2026.sportselite.de\/index.php?rest_route=\/wp\/v2\/product\/1584","targetHints":{"allow":["GET"]}}],"collection":[{"href":"https:\/\/shop2026.sportselite.de\/index.php?rest_route=\/wp\/v2\/product"}],"about":[{"href":"https:\/\/shop2026.sportselite.de\/index.php?rest_route=\/wp\/v2\/types\/product"}],"version-history":[{"count":6,"href":"https:\/\/shop2026.sportselite.de\/index.php?rest_route=\/wp\/v2\/product\/1584\/revisions"}],"predecessor-version":[{"id":3335,"href":"https:\/\/shop2026.sportselite.de\/index.php?rest_route=\/wp\/v2\/product\/1584\/revisions\/3335"}],"wp:featuredmedia":[{"embeddable":true,"href":"https:\/\/shop2026.sportselite.de\/index.php?rest_route=\/wp\/v2\/media\/2557"}],"wp:attachment":[{"href":"https:\/\/shop2026.sportselite.de\/index.php?rest_route=%2Fwp%2Fv2%2Fmedia&parent=1584"}],"wp:term":[{"taxonomy":"product_brand","embeddable":true,"href":"https:\/\/shop2026.sportselite.de\/index.php?rest_route=%2Fwp%2Fv2%2Fproduct_brand&post=1584"},{"taxonomy":"product_cat","embeddable":true,"href":"https:\/\/shop2026.sportselite.de\/index.php?rest_route=%2Fwp%2Fv2%2Fproduct_cat&post=1584"},{"taxonomy":"product_tag","embeddable":true,"href":"https:\/\/shop2026.sportselite.de\/index.php?rest_route=%2Fwp%2Fv2%2Fproduct_tag&post=1584"}],"curies":[{"name":"wp","href":"https:\/\/api.w.org\/{rel}","templated":true}]}}