{"id":1586,"date":"2020-12-27T15:50:16","date_gmt":"2020-12-27T14:50:16","guid":{"rendered":"http:\/\/shop2026.sportselite.de\/?post_type=product&#038;p=1586"},"modified":"2026-04-04T19:38:38","modified_gmt":"2026-04-04T17:38:38","slug":"best-eaas","status":"publish","type":"product","link":"https:\/\/shop2026.sportselite.de\/?product=best-eaas","title":{"rendered":"Best EAAS"},"content":{"rendered":"<p><strong>Zutaten:<\/strong><br \/>\nInulin, L-Leucin (11,96%), L-Valin (9,94%), L-Isoleucin (8,89%), L-Lysin (8,57%), S\u00e4uerungsmittel (Citronens\u00e4ure), Aroma, L-Phenylalanin (7,73%), L-Threonin (6,66%), L-Methionin (4,19%), L-Tryptophan (2,2%), S\u00fc\u00dfungsmitteln (Sucralose, Steviolglycoside), Farbstoff (Beta Carotin).<\/p>\n<p><strong>Geschmack:<\/strong> Orange, Eistee-Zitrone, Johannisbeere<\/p>\n<p><strong>Produktdatenblatt: <a href=\"https:\/\/shop2026.sportselite.de\/wp-content\/uploads\/2023\/01\/2023-EAA-Pulver-NaturthekeBeschreibung.pdf\" target=\"_blank\" rel=\"noopener\">Best EAAS<\/a><\/strong><\/p>\n","protected":false},"excerpt":{"rendered":"<p><strong>Human Amino &#8211; EAA<\/strong><br \/>\nDas smarte Protein mit der einzigartigen Master Amino Pattern Formula zur reibungslosen Aufnahme ohne Verdauungs- &amp; Entgiftungsorgane zu beanspruchen! Dieses reine und klare Protein liefert dir pro Portion bis zu 30g hochwertiges Protein in Form von freien Aminos\u00e4uren bei 0 kcal. Es bildet die Basis f\u00fcr den idealen Muskelaufbau, ein kr\u00e4ftiges und gesundes K\u00f6rpergewebe, einen optimalen Knochenaufbau\/- erhalt, liefert dir den perfekten Muskelschutz und verbessert deine Regeneration.<\/p>\n<p>EIN VERGLEICHBARES PRODUKT IST DERZEIT AUF DEM MARKT NICHT ERH\u00c4LTLICH! (nach MAP Formel)<\/p>\n","protected":false},"featured_media":2981,"template":"","meta":{"inline_featured_image":false},"product_brand":[],"product_cat":[141,77],"product_tag":[],"class_list":{"0":"post-1586","1":"product","2":"type-product","3":"status-publish","4":"has-post-thumbnail","6":"product_cat-empfehlungen","7":"product_cat-muskelaufbau","9":"first","10":"instock","11":"featured","12":"taxable","13":"shipping-taxable","14":"purchasable","15":"product-type-variable"},"_links":{"self":[{"href":"https:\/\/shop2026.sportselite.de\/index.php?rest_route=\/wp\/v2\/product\/1586","targetHints":{"allow":["GET"]}}],"collection":[{"href":"https:\/\/shop2026.sportselite.de\/index.php?rest_route=\/wp\/v2\/product"}],"about":[{"href":"https:\/\/shop2026.sportselite.de\/index.php?rest_route=\/wp\/v2\/types\/product"}],"version-history":[{"count":18,"href":"https:\/\/shop2026.sportselite.de\/index.php?rest_route=\/wp\/v2\/product\/1586\/revisions"}],"predecessor-version":[{"id":2058,"href":"https:\/\/shop2026.sportselite.de\/index.php?rest_route=\/wp\/v2\/product\/1586\/revisions\/2058"}],"wp:featuredmedia":[{"embeddable":true,"href":"https:\/\/shop2026.sportselite.de\/index.php?rest_route=\/wp\/v2\/media\/2981"}],"wp:attachment":[{"href":"https:\/\/shop2026.sportselite.de\/index.php?rest_route=%2Fwp%2Fv2%2Fmedia&parent=1586"}],"wp:term":[{"taxonomy":"product_brand","embeddable":true,"href":"https:\/\/shop2026.sportselite.de\/index.php?rest_route=%2Fwp%2Fv2%2Fproduct_brand&post=1586"},{"taxonomy":"product_cat","embeddable":true,"href":"https:\/\/shop2026.sportselite.de\/index.php?rest_route=%2Fwp%2Fv2%2Fproduct_cat&post=1586"},{"taxonomy":"product_tag","embeddable":true,"href":"https:\/\/shop2026.sportselite.de\/index.php?rest_route=%2Fwp%2Fv2%2Fproduct_tag&post=1586"}],"curies":[{"name":"wp","href":"https:\/\/api.w.org\/{rel}","templated":true}]}}