{"id":1606,"date":"2020-12-27T16:18:22","date_gmt":"2020-12-27T15:18:22","guid":{"rendered":"http:\/\/shop2026.sportselite.de\/?post_type=product&#038;p=1606"},"modified":"2023-02-07T22:05:22","modified_gmt":"2023-02-07T21:05:22","slug":"msm","status":"publish","type":"product","link":"https:\/\/shop2026.sportselite.de\/?product=msm","title":{"rendered":"Best MSM"},"content":{"rendered":"<p><strong>Zutaten:<\/strong><br \/>\nHydroxypropylmethyl-Zellulose 00, kristallklar, Methylsulfonylmethan, \u00dcberzugsmittel: Hydroxypropylmethyl-Cellulose (HPMC &#8211; Kapselh\u00fclle)<\/p>\n<p><strong>Produktdatenblatt <a href=\"https:\/\/shop2026.sportselite.de\/wp-content\/uploads\/2023\/02\/2023-BestMSM.pdf\" target=\"_blank\" rel=\"noopener\">Best-MSM<\/a><\/strong><\/p>\n","protected":false},"excerpt":{"rendered":"<p>MSM liefert deinen K\u00f6rperzellen organischen Schwefel und ist somit ein Schl\u00fcsseln\u00e4hrstoff f\u00fcr viele Stoffwechselvorg\u00e4nge was unter anderem die Bildung von Kollagen, welches f\u00fcr eine einwandfreie Funktion von Gelenk, Knorpeln, Haut und Knochen bedeutsam ist.<\/p>\n<p>MSM wird gerne mit Best Gelenk Support kombiniert um gr\u00f6\u00dftm\u00f6glichen Nutzen daraus zu ziehen.<\/p>\n","protected":false},"featured_media":2541,"template":"","meta":{"inline_featured_image":false},"product_brand":[],"product_cat":[41],"product_tag":[],"class_list":{"0":"post-1606","1":"product","2":"type-product","3":"status-publish","4":"has-post-thumbnail","6":"product_cat-gesund","8":"first","9":"instock","10":"taxable","11":"shipping-taxable","12":"purchasable","13":"product-type-simple"},"_links":{"self":[{"href":"https:\/\/shop2026.sportselite.de\/index.php?rest_route=\/wp\/v2\/product\/1606","targetHints":{"allow":["GET"]}}],"collection":[{"href":"https:\/\/shop2026.sportselite.de\/index.php?rest_route=\/wp\/v2\/product"}],"about":[{"href":"https:\/\/shop2026.sportselite.de\/index.php?rest_route=\/wp\/v2\/types\/product"}],"version-history":[{"count":6,"href":"https:\/\/shop2026.sportselite.de\/index.php?rest_route=\/wp\/v2\/product\/1606\/revisions"}],"predecessor-version":[{"id":2553,"href":"https:\/\/shop2026.sportselite.de\/index.php?rest_route=\/wp\/v2\/product\/1606\/revisions\/2553"}],"wp:featuredmedia":[{"embeddable":true,"href":"https:\/\/shop2026.sportselite.de\/index.php?rest_route=\/wp\/v2\/media\/2541"}],"wp:attachment":[{"href":"https:\/\/shop2026.sportselite.de\/index.php?rest_route=%2Fwp%2Fv2%2Fmedia&parent=1606"}],"wp:term":[{"taxonomy":"product_brand","embeddable":true,"href":"https:\/\/shop2026.sportselite.de\/index.php?rest_route=%2Fwp%2Fv2%2Fproduct_brand&post=1606"},{"taxonomy":"product_cat","embeddable":true,"href":"https:\/\/shop2026.sportselite.de\/index.php?rest_route=%2Fwp%2Fv2%2Fproduct_cat&post=1606"},{"taxonomy":"product_tag","embeddable":true,"href":"https:\/\/shop2026.sportselite.de\/index.php?rest_route=%2Fwp%2Fv2%2Fproduct_tag&post=1606"}],"curies":[{"name":"wp","href":"https:\/\/api.w.org\/{rel}","templated":true}]}}