{"id":1610,"date":"2020-12-27T16:22:24","date_gmt":"2020-12-27T15:22:24","guid":{"rendered":"http:\/\/shop2026.sportselite.de\/?post_type=product&#038;p=1610"},"modified":"2023-02-07T22:08:19","modified_gmt":"2023-02-07T21:08:19","slug":"best-omega-3","status":"publish","type":"product","link":"https:\/\/shop2026.sportselite.de\/?product=best-omega-3","title":{"rendered":"Best Omega 3"},"content":{"rendered":"<p><strong>Zutaten:<\/strong><br \/>\nOmega3 reiches \u00d6l aus der Mikroalge Schizochytrium<br \/>\n\u00dcberzugsmittel: modifizierte St\u00e4rke (Kapselh\u00fclle)<br \/>\nWirkstoff: Docosahexans\u00e4ure (DHA)<\/p>\n<p><strong>Produktdatenblatt <a target=\"_blank\" href=\"http:\/\/shop2026.sportselite.de\/wp-content\/uploads\/2023\/02\/2023-DeklarationOmega3.jpg\" rel=\"noopener\">Omega-3-Kapseln<\/a><\/strong><\/p>\n","protected":false},"excerpt":{"rendered":"<p>Die mehrfach unges\u00e4ttigten Fetts\u00e4uren sind lebensnotwendig und leisten einen wichtigen Beitrag zu einer gesunden Ern\u00e4hrung.<br \/>\nSie tragen zu einem normalen Cholesterinspiegel bei und unterst\u00fctzen eine normale Funktion des Gehirns, des Herzens und der Sehkraft.<\/p>\n","protected":false},"featured_media":2538,"template":"","meta":{"inline_featured_image":false},"product_brand":[],"product_cat":[41],"product_tag":[],"class_list":{"0":"post-1610","1":"product","2":"type-product","3":"status-publish","4":"has-post-thumbnail","6":"product_cat-gesund","8":"first","9":"instock","10":"taxable","11":"shipping-taxable","12":"purchasable","13":"product-type-simple"},"_links":{"self":[{"href":"https:\/\/shop2026.sportselite.de\/index.php?rest_route=\/wp\/v2\/product\/1610","targetHints":{"allow":["GET"]}}],"collection":[{"href":"https:\/\/shop2026.sportselite.de\/index.php?rest_route=\/wp\/v2\/product"}],"about":[{"href":"https:\/\/shop2026.sportselite.de\/index.php?rest_route=\/wp\/v2\/types\/product"}],"version-history":[{"count":7,"href":"https:\/\/shop2026.sportselite.de\/index.php?rest_route=\/wp\/v2\/product\/1610\/revisions"}],"predecessor-version":[{"id":2568,"href":"https:\/\/shop2026.sportselite.de\/index.php?rest_route=\/wp\/v2\/product\/1610\/revisions\/2568"}],"wp:featuredmedia":[{"embeddable":true,"href":"https:\/\/shop2026.sportselite.de\/index.php?rest_route=\/wp\/v2\/media\/2538"}],"wp:attachment":[{"href":"https:\/\/shop2026.sportselite.de\/index.php?rest_route=%2Fwp%2Fv2%2Fmedia&parent=1610"}],"wp:term":[{"taxonomy":"product_brand","embeddable":true,"href":"https:\/\/shop2026.sportselite.de\/index.php?rest_route=%2Fwp%2Fv2%2Fproduct_brand&post=1610"},{"taxonomy":"product_cat","embeddable":true,"href":"https:\/\/shop2026.sportselite.de\/index.php?rest_route=%2Fwp%2Fv2%2Fproduct_cat&post=1610"},{"taxonomy":"product_tag","embeddable":true,"href":"https:\/\/shop2026.sportselite.de\/index.php?rest_route=%2Fwp%2Fv2%2Fproduct_tag&post=1610"}],"curies":[{"name":"wp","href":"https:\/\/api.w.org\/{rel}","templated":true}]}}