{"id":1622,"date":"2020-12-27T17:01:00","date_gmt":"2020-12-27T16:01:00","guid":{"rendered":"http:\/\/shop2026.sportselite.de\/?post_type=product&#038;p=1622"},"modified":"2026-04-04T21:40:24","modified_gmt":"2026-04-04T19:40:24","slug":"best-l-carnitin","status":"publish","type":"product","link":"https:\/\/shop2026.sportselite.de\/?product=best-l-carnitin","title":{"rendered":"Best L-Carnitin"},"content":{"rendered":"<p><strong>Zutaten:<\/strong><br \/>\nL-Carnitintartrat (700 mg pro Kapsel), darin enthalten: L-Carnitin 476mg,<br \/>\n\u00dcberzugsmittel: Hydroxypropylmethyl-Cellulose (HPMC &#8211; Kapselh\u00fclle)<\/p>\n<p><strong>Produktdatenblatt <a target=\"_blank\" href=\"http:\/\/shop2026.sportselite.de\/wp-content\/uploads\/2023\/02\/2023-Carnitin.pdf\" rel=\"noopener\">L-Carnitin<\/a><\/strong><\/p>\n","protected":false},"excerpt":{"rendered":"<p>Extrem schnelle Versorgung mit L-Carnitin, verbesserter Fett-Transport sind beste Vorteile f\u00fcr schnellen Fettverlust. Der Nutzen von L-Carnitin ist im modernen Fitness-Sport unstrittig. L-Carnitin ist eine den Aminos\u00e4uren recht \u00e4hnliche Substanz, der man fr\u00fcher sogar vitamin\u00e4hnlichen Status gab und welche eine Schl\u00fcsselfunktion im Fettstoffwechsel spielt. Das Fett kann leider nur in den Zellen selbst verbrannt werden und kann ohne Hilfe dort nicht aus dem Blut in die Zellen gelangen. Der K\u00f6rper kann zwar selbst L-Carnitin herstellen und aus der Nahrung gewinnen, jedoch nicht in dem Ma\u00df, dass es f\u00fcr eine optimale und schnelle Fettverbrennung ausreicht. Man kann den K\u00f6rper gut mit L-Carnitin unterst\u00fctzen und individuell an das eigene Trainingsprogramm anpassen.<\/p>\n","protected":false},"featured_media":2556,"template":"","meta":{"inline_featured_image":false},"product_brand":[],"product_cat":[49,141],"product_tag":[],"class_list":{"0":"post-1622","1":"product","2":"type-product","3":"status-publish","4":"has-post-thumbnail","6":"product_cat-diaet","7":"product_cat-empfehlungen","9":"first","10":"instock","11":"taxable","12":"shipping-taxable","13":"purchasable","14":"product-type-simple"},"_links":{"self":[{"href":"https:\/\/shop2026.sportselite.de\/index.php?rest_route=\/wp\/v2\/product\/1622","targetHints":{"allow":["GET"]}}],"collection":[{"href":"https:\/\/shop2026.sportselite.de\/index.php?rest_route=\/wp\/v2\/product"}],"about":[{"href":"https:\/\/shop2026.sportselite.de\/index.php?rest_route=\/wp\/v2\/types\/product"}],"version-history":[{"count":5,"href":"https:\/\/shop2026.sportselite.de\/index.php?rest_route=\/wp\/v2\/product\/1622\/revisions"}],"predecessor-version":[{"id":2571,"href":"https:\/\/shop2026.sportselite.de\/index.php?rest_route=\/wp\/v2\/product\/1622\/revisions\/2571"}],"wp:featuredmedia":[{"embeddable":true,"href":"https:\/\/shop2026.sportselite.de\/index.php?rest_route=\/wp\/v2\/media\/2556"}],"wp:attachment":[{"href":"https:\/\/shop2026.sportselite.de\/index.php?rest_route=%2Fwp%2Fv2%2Fmedia&parent=1622"}],"wp:term":[{"taxonomy":"product_brand","embeddable":true,"href":"https:\/\/shop2026.sportselite.de\/index.php?rest_route=%2Fwp%2Fv2%2Fproduct_brand&post=1622"},{"taxonomy":"product_cat","embeddable":true,"href":"https:\/\/shop2026.sportselite.de\/index.php?rest_route=%2Fwp%2Fv2%2Fproduct_cat&post=1622"},{"taxonomy":"product_tag","embeddable":true,"href":"https:\/\/shop2026.sportselite.de\/index.php?rest_route=%2Fwp%2Fv2%2Fproduct_tag&post=1622"}],"curies":[{"name":"wp","href":"https:\/\/api.w.org\/{rel}","templated":true}]}}