{"id":1629,"date":"2020-12-27T17:07:56","date_gmt":"2020-12-27T16:07:56","guid":{"rendered":"http:\/\/shop2026.sportselite.de\/?post_type=product&#038;p=1629"},"modified":"2026-04-04T20:01:42","modified_gmt":"2026-04-04T18:01:42","slug":"best-creatin","status":"publish","type":"product","link":"https:\/\/shop2026.sportselite.de\/?product=best-creatin","title":{"rendered":"Best Creatin Tabs"},"content":{"rendered":"<p><strong>Zutaten:<\/strong><\/p>\n<p><span dir=\"ltr\" role=\"presentation\">Kreatin-Monohydrat (39,2 %), S\u00fc\u00dfungsmittel<\/span>, <span dir=\"ltr\" role=\"presentation\">(Sorbit), Dextrose, Dicalciumphosphat, <\/span><span dir=\"ltr\" role=\"presentation\">Kartoffelst\u00e4rke, Trennmittel Magnesiumsalz, S\u00e4uerungsmittel Zitronens\u00e4ure, Aroma.<\/span><\/p>\n<p><strong>Inhalt:<\/strong> 200 Kautabletten<\/p>\n<p><strong>Geschmack:<\/strong> Orange<\/p>\n<p><strong>Produktdatenblatt <a href=\"http:\/\/shop2026.sportselite.de\/wp-content\/uploads\/2023\/01\/2023-CreatinKautabletten.pdf\">Creatin-Kautabletten<\/a><\/strong><\/p>\n","protected":false},"excerpt":{"rendered":"<p>Der ultimative Pump! Creatin ist ein N\u00e4hrstoff zur Kraftsteigerung und Muskelaufbau. Es gibt mittlerweile kaum einen Olympiateilnehmer (es wird vom Olympischen Komitee empfohlen), der diese Nahrungserg\u00e4ngung nicht benutzt, denn Creatin liefert dem Muskel den Kraftstoff, den er zum Wachstum braucht. Die Zufuhr von Creatin vermag den Creatin-Phosphat-Spiegel in den Muskelzellen zu steigern. Dies f\u00fchrt zu einer Zunahme von Muskelvolumen und einer Kraftsteigerung. Weiterhin ist eine vermehrte Speicherung von Creatin in der Muskulatur zu verzeichnen und garantiert somit Zunahme von fettfreien K\u00f6rpergewicht (Muskelzuwachs bis zu 30%). Creatin hat nicht nur einen optischen Effekt, sondern steigert auch die anerobe Ausdauer. Es steigert die Maximalkraft, Explosivkraft, verbessert Leitung bei hochintensiver Belastung (Sprints, usw.). Teilweise kommt es auch zu einer Verbesserung der Blutwerte. Die ultimative Nahrungserg\u00e4nzug zur schnellen zunahme von Muskelmasse ohne Nebenwirkungen.<\/p>\n","protected":false},"featured_media":2919,"template":"","meta":{"inline_featured_image":false},"product_brand":[],"product_cat":[141,77],"product_tag":[179,178],"class_list":{"0":"post-1629","1":"product","2":"type-product","3":"status-publish","4":"has-post-thumbnail","6":"product_cat-empfehlungen","7":"product_cat-muskelaufbau","8":"product_tag-creatin","9":"product_tag-muskelaufbau","11":"first","12":"instock","13":"featured","14":"taxable","15":"shipping-taxable","16":"purchasable","17":"product-type-simple"},"_links":{"self":[{"href":"https:\/\/shop2026.sportselite.de\/index.php?rest_route=\/wp\/v2\/product\/1629","targetHints":{"allow":["GET"]}}],"collection":[{"href":"https:\/\/shop2026.sportselite.de\/index.php?rest_route=\/wp\/v2\/product"}],"about":[{"href":"https:\/\/shop2026.sportselite.de\/index.php?rest_route=\/wp\/v2\/types\/product"}],"version-history":[{"count":10,"href":"https:\/\/shop2026.sportselite.de\/index.php?rest_route=\/wp\/v2\/product\/1629\/revisions"}],"predecessor-version":[{"id":2443,"href":"https:\/\/shop2026.sportselite.de\/index.php?rest_route=\/wp\/v2\/product\/1629\/revisions\/2443"}],"wp:featuredmedia":[{"embeddable":true,"href":"https:\/\/shop2026.sportselite.de\/index.php?rest_route=\/wp\/v2\/media\/2919"}],"wp:attachment":[{"href":"https:\/\/shop2026.sportselite.de\/index.php?rest_route=%2Fwp%2Fv2%2Fmedia&parent=1629"}],"wp:term":[{"taxonomy":"product_brand","embeddable":true,"href":"https:\/\/shop2026.sportselite.de\/index.php?rest_route=%2Fwp%2Fv2%2Fproduct_brand&post=1629"},{"taxonomy":"product_cat","embeddable":true,"href":"https:\/\/shop2026.sportselite.de\/index.php?rest_route=%2Fwp%2Fv2%2Fproduct_cat&post=1629"},{"taxonomy":"product_tag","embeddable":true,"href":"https:\/\/shop2026.sportselite.de\/index.php?rest_route=%2Fwp%2Fv2%2Fproduct_tag&post=1629"}],"curies":[{"name":"wp","href":"https:\/\/api.w.org\/{rel}","templated":true}]}}