{"id":1634,"date":"2020-12-27T17:11:53","date_gmt":"2020-12-27T16:11:53","guid":{"rendered":"http:\/\/shop2026.sportselite.de\/?post_type=product&#038;p=1634"},"modified":"2026-04-04T21:39:18","modified_gmt":"2026-04-04T19:39:18","slug":"elite-booster","status":"publish","type":"product","link":"https:\/\/shop2026.sportselite.de\/?product=elite-booster","title":{"rendered":"Elite Best Booster"},"content":{"rendered":"<p><strong>Zutaten:<\/strong><br \/>\nL-Leucin, Beta-Alanin, Kreatin-Monohydrat, L-Arginin, S\u00e4uerungsmittel (Citronens\u00e4ure), L-Isoleucin, L-Valin, nat\u00fcrliches Aroma, Koffein, S\u00fc\u00dfungsmittel (Acesulfam K, Sucralose), Trennmittel (Siliciumdioxid), Taurin, f\u00e4rbendes Lebensmittel (Rote Bete Pulver), Emulgator (Soja-Lecithin), Gew\u00fcrzextrakt (Kurkuma), Nicotinamid<\/p>\n<p><strong>Inhalt:<\/strong> 500 Gramm<\/p>\n<p><strong>Geschmack:<\/strong> Tropical<\/p>\n<p><strong>Produktdatenblatt <a href=\"https:\/\/shop2026.sportselite.de\/wp-content\/uploads\/2025\/09\/2025-BoosterTropical.pdf\">Elite Best Booster<\/a><\/strong><\/p>\n","protected":false},"excerpt":{"rendered":"<p>Der Booster f\u00fcr mehr Trainings-Energie.<\/p>\n","protected":false},"featured_media":3057,"template":"","meta":{"inline_featured_image":false},"product_brand":[],"product_cat":[141,77],"product_tag":[],"class_list":{"0":"post-1634","1":"product","2":"type-product","3":"status-publish","4":"has-post-thumbnail","6":"product_cat-empfehlungen","7":"product_cat-muskelaufbau","9":"first","10":"instock","11":"taxable","12":"shipping-taxable","13":"purchasable","14":"product-type-simple"},"_links":{"self":[{"href":"https:\/\/shop2026.sportselite.de\/index.php?rest_route=\/wp\/v2\/product\/1634","targetHints":{"allow":["GET"]}}],"collection":[{"href":"https:\/\/shop2026.sportselite.de\/index.php?rest_route=\/wp\/v2\/product"}],"about":[{"href":"https:\/\/shop2026.sportselite.de\/index.php?rest_route=\/wp\/v2\/types\/product"}],"version-history":[{"count":12,"href":"https:\/\/shop2026.sportselite.de\/index.php?rest_route=\/wp\/v2\/product\/1634\/revisions"}],"predecessor-version":[{"id":3070,"href":"https:\/\/shop2026.sportselite.de\/index.php?rest_route=\/wp\/v2\/product\/1634\/revisions\/3070"}],"wp:featuredmedia":[{"embeddable":true,"href":"https:\/\/shop2026.sportselite.de\/index.php?rest_route=\/wp\/v2\/media\/3057"}],"wp:attachment":[{"href":"https:\/\/shop2026.sportselite.de\/index.php?rest_route=%2Fwp%2Fv2%2Fmedia&parent=1634"}],"wp:term":[{"taxonomy":"product_brand","embeddable":true,"href":"https:\/\/shop2026.sportselite.de\/index.php?rest_route=%2Fwp%2Fv2%2Fproduct_brand&post=1634"},{"taxonomy":"product_cat","embeddable":true,"href":"https:\/\/shop2026.sportselite.de\/index.php?rest_route=%2Fwp%2Fv2%2Fproduct_cat&post=1634"},{"taxonomy":"product_tag","embeddable":true,"href":"https:\/\/shop2026.sportselite.de\/index.php?rest_route=%2Fwp%2Fv2%2Fproduct_tag&post=1634"}],"curies":[{"name":"wp","href":"https:\/\/api.w.org\/{rel}","templated":true}]}}