{"id":2489,"date":"2023-01-27T22:10:29","date_gmt":"2023-01-27T21:10:29","guid":{"rendered":"https:\/\/shop2026.sportselite.de\/?post_type=product&#038;p=2489"},"modified":"2024-09-04T12:33:17","modified_gmt":"2024-09-04T10:33:17","slug":"best-melatonin-schlaf-spray","status":"publish","type":"product","link":"https:\/\/shop2026.sportselite.de\/?product=best-melatonin-schlaf-spray","title":{"rendered":"Best Melatonin Schlaf Spray"},"content":{"rendered":"<p><strong>Nahrungserg\u00e4nzungsmittel mit Melatonin<\/strong><\/p>\n<p>Mit nur 2 Spr\u00fchst\u00f6\u00dfen vor deinem \u201cGute-Nacht\u201d, wieder problemlos einschlafen. Hohe Schlafqualit\u00e4t f\u00fcr eine bessere Erholung und Regeneration, Unseren Melatonin Schlafspray kannst du problemlos t\u00e4glich verwenden. Es gibt keinen Gew\u00f6hnungseffekt, basiert auf pflanzlichem Glycerin und schmeckt somit leicht s\u00fc\u00dflich.<\/p>\n<p><strong>Zutaten:<\/strong><br \/>\nPflanzliches Glycerin, Melatonin, Wasser (gereinigt % demineralisiert)<\/p>\n<p><strong>Nettof\u00fcllmenge:<\/strong> 30ml<\/p>\n<p><strong>Wirkstoffe:<\/strong> (pro Tagesportion &#8211; 2 Spr\u00fchst\u00f6\u00dfe)\u00a0 Melatonin 1mg<\/p>\n<p>&nbsp;<\/p>\n","protected":false},"excerpt":{"rendered":"<p>Mit unserem Melatonin Spray geh\u00f6ren Einschlafprobleme der Vergangenheit an und du schl\u00e4fst wieder wie ein Baby. Einfach &amp; angenehm einschlafen, damit du erholt und ausgeschlafen in den Tag startest!<\/p>\n<ul>\n<li>Angenehmer leicht s\u00fc\u00dflicher Geschmack<\/li>\n<li>Schneller und leichter Einschlafen<\/li>\n<li>Verbesserte Schlafqualit\u00e4t<\/li>\n<li>Verbesserte Erholung &amp; Regeneration<\/li>\n<li>Fit und energiegeladen in den Tag starten<\/li>\n<li>Kein Gew\u00f6hnungseffekt &#8211; f\u00fcr die t\u00e4gliche Einnahme geeignet<\/li>\n<\/ul>\n","protected":false},"featured_media":2490,"template":"","meta":{"inline_featured_image":false},"product_brand":[],"product_cat":[41],"product_tag":[164,163],"class_list":{"0":"post-2489","1":"product","2":"type-product","3":"status-publish","4":"has-post-thumbnail","6":"product_cat-gesund","7":"product_tag-melatonin","8":"product_tag-schlafspray","10":"first","11":"instock","12":"taxable","13":"shipping-taxable","14":"purchasable","15":"product-type-variable"},"_links":{"self":[{"href":"https:\/\/shop2026.sportselite.de\/index.php?rest_route=\/wp\/v2\/product\/2489","targetHints":{"allow":["GET"]}}],"collection":[{"href":"https:\/\/shop2026.sportselite.de\/index.php?rest_route=\/wp\/v2\/product"}],"about":[{"href":"https:\/\/shop2026.sportselite.de\/index.php?rest_route=\/wp\/v2\/types\/product"}],"version-history":[{"count":4,"href":"https:\/\/shop2026.sportselite.de\/index.php?rest_route=\/wp\/v2\/product\/2489\/revisions"}],"predecessor-version":[{"id":3341,"href":"https:\/\/shop2026.sportselite.de\/index.php?rest_route=\/wp\/v2\/product\/2489\/revisions\/3341"}],"wp:featuredmedia":[{"embeddable":true,"href":"https:\/\/shop2026.sportselite.de\/index.php?rest_route=\/wp\/v2\/media\/2490"}],"wp:attachment":[{"href":"https:\/\/shop2026.sportselite.de\/index.php?rest_route=%2Fwp%2Fv2%2Fmedia&parent=2489"}],"wp:term":[{"taxonomy":"product_brand","embeddable":true,"href":"https:\/\/shop2026.sportselite.de\/index.php?rest_route=%2Fwp%2Fv2%2Fproduct_brand&post=2489"},{"taxonomy":"product_cat","embeddable":true,"href":"https:\/\/shop2026.sportselite.de\/index.php?rest_route=%2Fwp%2Fv2%2Fproduct_cat&post=2489"},{"taxonomy":"product_tag","embeddable":true,"href":"https:\/\/shop2026.sportselite.de\/index.php?rest_route=%2Fwp%2Fv2%2Fproduct_tag&post=2489"}],"curies":[{"name":"wp","href":"https:\/\/api.w.org\/{rel}","templated":true}]}}