{"id":2605,"date":"2023-07-19T21:35:58","date_gmt":"2023-07-19T19:35:58","guid":{"rendered":"https:\/\/shop2026.sportselite.de\/?post_type=product&#038;p=2605"},"modified":"2026-04-04T19:56:42","modified_gmt":"2026-04-04T17:56:42","slug":"best-ashwagandha","status":"publish","type":"product","link":"https:\/\/shop2026.sportselite.de\/?product=best-ashwagandha","title":{"rendered":"Best Ashwagandha"},"content":{"rendered":"<p><strong>Zutaten:<\/strong><br \/>\nBio-Ashwagandha KSM-66, \u00dcberzugsmittel: Hydroxypropylmethylcellulose (Kapselh\u00fclle)<br \/>\n***aus kontrolliert biologischer Landwirtschaft<\/p>\n<p><strong>Inhaltsstoffe:<\/strong> Ashwagandha KSM66<strong><br \/>\n<\/strong><\/p>\n<p><strong>Pro Kapsel:<\/strong> 300mg &#8211; davon 15mg Withanoide<\/p>\n<p>&nbsp;<\/p>\n","protected":false},"excerpt":{"rendered":"<p>Mit dem Vollspektrum-Extrakt der Bio Ashwagandha KSM66 und dem hohen Gehalt an Withanolide, gibt es deinem K\u00f6rper die n\u00f6tige Atempause und unterst\u00fctzt die innere Balance. Ashwagandha tr\u00e4gt zu einem geistigen und k\u00f6rperlichen Wohlbefinden in Zeiten erh\u00f6hter Stressbelastung bei und verbessert gleichzeitig deine Regeneration.<br \/>\n<span class=\"\">\u2714<\/span> Unterst\u00fctzt Muskelkraft und Regeneration<br \/>\n<span class=\"\">\u2714<\/span> Hilft beim Abbau von Stress<br \/>\n<span class=\"\">\u2714<\/span> Hilft zu entspannen<br \/>\n<span class=\"\">\u2714<\/span> Reduziert Hei\u00dfhungerattacken<\/p>\n","protected":false},"featured_media":2614,"template":"","meta":{"inline_featured_image":false},"product_brand":[],"product_cat":[41],"product_tag":[],"class_list":{"0":"post-2605","1":"product","2":"type-product","3":"status-publish","4":"has-post-thumbnail","6":"product_cat-gesund","8":"first","9":"instock","10":"taxable","11":"shipping-taxable","12":"purchasable","13":"product-type-simple"},"_links":{"self":[{"href":"https:\/\/shop2026.sportselite.de\/index.php?rest_route=\/wp\/v2\/product\/2605","targetHints":{"allow":["GET"]}}],"collection":[{"href":"https:\/\/shop2026.sportselite.de\/index.php?rest_route=\/wp\/v2\/product"}],"about":[{"href":"https:\/\/shop2026.sportselite.de\/index.php?rest_route=\/wp\/v2\/types\/product"}],"version-history":[{"count":3,"href":"https:\/\/shop2026.sportselite.de\/index.php?rest_route=\/wp\/v2\/product\/2605\/revisions"}],"predecessor-version":[{"id":2608,"href":"https:\/\/shop2026.sportselite.de\/index.php?rest_route=\/wp\/v2\/product\/2605\/revisions\/2608"}],"wp:featuredmedia":[{"embeddable":true,"href":"https:\/\/shop2026.sportselite.de\/index.php?rest_route=\/wp\/v2\/media\/2614"}],"wp:attachment":[{"href":"https:\/\/shop2026.sportselite.de\/index.php?rest_route=%2Fwp%2Fv2%2Fmedia&parent=2605"}],"wp:term":[{"taxonomy":"product_brand","embeddable":true,"href":"https:\/\/shop2026.sportselite.de\/index.php?rest_route=%2Fwp%2Fv2%2Fproduct_brand&post=2605"},{"taxonomy":"product_cat","embeddable":true,"href":"https:\/\/shop2026.sportselite.de\/index.php?rest_route=%2Fwp%2Fv2%2Fproduct_cat&post=2605"},{"taxonomy":"product_tag","embeddable":true,"href":"https:\/\/shop2026.sportselite.de\/index.php?rest_route=%2Fwp%2Fv2%2Fproduct_tag&post=2605"}],"curies":[{"name":"wp","href":"https:\/\/api.w.org\/{rel}","templated":true}]}}