{"id":2923,"date":"2025-07-08T12:05:56","date_gmt":"2025-07-08T10:05:56","guid":{"rendered":"https:\/\/shop2026.sportselite.de\/?post_type=product&#038;p=2923"},"modified":"2026-04-04T19:40:05","modified_gmt":"2026-04-04T17:40:05","slug":"best-whey-protein","status":"publish","type":"product","link":"https:\/\/shop2026.sportselite.de\/produkt\/best-whey-protein\/","title":{"rendered":"Best Whey Protein"},"content":{"rendered":"<p><strong>Packungsgr\u00f6\u00dfe:<\/strong><br \/>\n1000g (33 Portionen)<\/p>\n<p><strong>Zutaten:<\/strong> (am Beispiel Vanille)<br \/>\nMolkeneiwei\u00dfkonzentrat Instant (enth\u00e4lt Emulgator Sonnenblumenlecithin), Molkeneiwei\u00dfisolat Instant (enth\u00e4lt Emulgator Sonnenblumenlecithin), Aroma, S\u00fc\u00dfungsmittel (Sucralose, Steviolglycoside).<\/p>\n<p><strong>Anmerkung:<\/strong> zwischen den einzelnen Geschmacksrichtungen gibt es Unterschiede in den Zutaten, das PDF mit allen Geschmacksrichtungen finden Sie hier:<br \/>\n<a href=\"https:\/\/shop2026.sportselite.de\/wp-content\/uploads\/2025\/07\/2025-WheySchokoSpezi.pdf\">Schoko Geschmack<\/a><br \/>\n<a href=\"https:\/\/shop2026.sportselite.de\/wp-content\/uploads\/2025\/07\/2025-WheyVanilleSpezi.pdf\">Vanille Geschmack<\/a><\/p>\n<p>&nbsp;<\/p>\n<table width=\"100%\">\n<tbody>\n<tr>\n<td><strong>Durschnittliche N\u00e4hrwerte<\/strong><\/td>\n<td><strong>pro 100g<\/strong><\/td>\n<td><strong>pro 30g<\/strong><\/td>\n<\/tr>\n<tr>\n<td>Energie<\/td>\n<td>1622 kJ (383 kcal)<\/td>\n<td>487 kJ (115 kcal)<\/td>\n<\/tr>\n<tr>\n<td>Fett<\/td>\n<td>5,1g<\/td>\n<td>1,5g<\/td>\n<\/tr>\n<tr>\n<td>\u00a0\u00a0 \u2013 davon ges\u00e4ttigte Fetts\u00e4uren<\/td>\n<td>3,6g<\/td>\n<td>1,1g<\/td>\n<\/tr>\n<tr>\n<td>Kohlenhydrate<\/td>\n<td>4,3g<\/td>\n<td>1,3g<\/td>\n<\/tr>\n<tr>\n<td>\u00a0\u00a0 \u2013 davon Zucker<\/td>\n<td>4,3g<\/td>\n<td>1,3g<\/td>\n<\/tr>\n<tr>\n<td>Eiwei\u00df<\/td>\n<td>80g<\/td>\n<td>24g<\/td>\n<\/tr>\n<tr>\n<td>Salz<\/td>\n<td>0,79g<\/td>\n<td>0,24g<\/td>\n<\/tr>\n<\/tbody>\n<\/table>\n","protected":false},"excerpt":{"rendered":"<p><strong>Whey Protein (Iso-Whey)<\/strong><\/p>\n<p><strong>Dein Partner f\u00fcr Muskeln und Genuss.<\/strong><br \/>\nDer ideale Begleiter auf dem Weg zu deinen Fitnesszielen!\u2028 Erlebe mit unserem hochwertigen Whey Protein (Iso-Whey) in den beiden Klassikern unter den Geschmacksrichtungen Schokolade und Vanille die perfekte Kombination aus exzellentem Geschmack und maximaler Wirksamkeit. Unser Whey Protein Komplex (Iso-Whey) besteht aus einer erstklassigen Mischung aus Whey-Konzentrat und Whey-Isolat, die dir alles bietet, was du f\u00fcr deine Fitness- oder Gesundheitsziele brauchst.<\/p>\n<p><strong>Premium-Qualit\u00e4t f\u00fcr die besten Ergebnisse.<\/strong><br \/>\nUnser Whey Protein (Iso-Whey) ist speziell formuliert, um deine Muskeln mit hochwertigem Eiwei\u00df zu versorgen. Die Kombination aus Whey-Konzentrat und Whey-Isolat stellt sicher, dass du sowohl schnell verf\u00fcgbare Proteine als auch eine l\u00e4nger anhaltende Versorgung erh\u00e4ltst und ist somit ideal f\u00fcr den Aufbau und Erhalt deiner Muskelmasse.<\/p>\n<p>\u2714 Perfekte Mischung aus Whey-Konzentrat &amp; Isolat<br \/>\n\u2714 Unterst\u00fctzt effektiv deinen Muskelaufbau<br \/>\n\u2714 Sorgt f\u00fcr eine schnellere Regeneration<br \/>\n\u2714 Perfekt l\u00f6slich und vielseitig einsetzbar<\/p>\n<p><strong> Empfohlene Einnahme:<\/strong><br \/>\n30g Pulver mit etwa 350ml Wasser oder Milch in einem Shaker zubereiten und verzehren.<\/p>\n","protected":false},"featured_media":2871,"template":"","meta":{"inline_featured_image":false},"product_brand":[],"product_cat":[141,77],"product_tag":[178,177],"class_list":{"0":"post-2923","1":"product","2":"type-product","3":"status-publish","4":"has-post-thumbnail","6":"product_cat-empfehlungen","7":"product_cat-muskelaufbau","8":"product_tag-muskelaufbau","9":"product_tag-whey-protein","11":"first","12":"instock","13":"featured","14":"taxable","15":"shipping-taxable","16":"purchasable","17":"product-type-variable","18":"has-default-attributes"},"_links":{"self":[{"href":"https:\/\/shop2026.sportselite.de\/wp-json\/wp\/v2\/product\/2923","targetHints":{"allow":["GET"]}}],"collection":[{"href":"https:\/\/shop2026.sportselite.de\/wp-json\/wp\/v2\/product"}],"about":[{"href":"https:\/\/shop2026.sportselite.de\/wp-json\/wp\/v2\/types\/product"}],"version-history":[{"count":12,"href":"https:\/\/shop2026.sportselite.de\/wp-json\/wp\/v2\/product\/2923\/revisions"}],"predecessor-version":[{"id":2997,"href":"https:\/\/shop2026.sportselite.de\/wp-json\/wp\/v2\/product\/2923\/revisions\/2997"}],"wp:featuredmedia":[{"embeddable":true,"href":"https:\/\/shop2026.sportselite.de\/wp-json\/wp\/v2\/media\/2871"}],"wp:attachment":[{"href":"https:\/\/shop2026.sportselite.de\/wp-json\/wp\/v2\/media?parent=2923"}],"wp:term":[{"taxonomy":"product_brand","embeddable":true,"href":"https:\/\/shop2026.sportselite.de\/wp-json\/wp\/v2\/product_brand?post=2923"},{"taxonomy":"product_cat","embeddable":true,"href":"https:\/\/shop2026.sportselite.de\/wp-json\/wp\/v2\/product_cat?post=2923"},{"taxonomy":"product_tag","embeddable":true,"href":"https:\/\/shop2026.sportselite.de\/wp-json\/wp\/v2\/product_tag?post=2923"}],"curies":[{"name":"wp","href":"https:\/\/api.w.org\/{rel}","templated":true}]}}