{"id":2940,"date":"2025-07-08T13:10:30","date_gmt":"2025-07-08T11:10:30","guid":{"rendered":"https:\/\/shop2026.sportselite.de\/?post_type=product&#038;p=2940"},"modified":"2026-04-04T19:45:08","modified_gmt":"2026-04-04T17:45:08","slug":"best-brownie-protein-bar","status":"publish","type":"product","link":"https:\/\/shop2026.sportselite.de\/?product=best-brownie-protein-bar","title":{"rendered":"Best Brownie Protein Bar"},"content":{"rendered":"<p><strong>Zutaten:<br \/>\n<\/strong>Schokolade (Kakaobutter, Vollmilchpulver, Kakaomasse, Sahnepulver (Milch), Zucker), Emulgator: SOJAlecithin), Chicor\u00e9e-Wurzelfaser, Milcheiwei\u00df, Feuchthaltemittel: Glycerin, Milcheiwei\u00dfkonzentrat, Kollagenpeptide (Rind), Soja Protein-Crisps: (Sojaproteinisolat, Tapiokamehl, Meersalz), Pflanzen\u00f6l (Kokosnuss), Karamell: (S\u00fc\u00dfungsmittel: Maltitsirup, Sahne (Milch), Feuchthaltemittel: Glycerin,\u00a0 Verdickungsmittel: St\u00e4rke, Milch, karamellisierter Zucker, Salz, nat\u00fcrliches Aroma, S\u00e4ureregulator: Zitronens\u00e4ure), Wasser, Kakaopulver, Haseln\u00fcsse (N\u00fcsse), Molkenproteinkonzentrat\u00a0 Milch), Sonnenblumen\u00f6lpulver\u00a0 (Sonnenblumen\u00f6l, modifizierte St\u00e4rke, Glukosesirup, Siliziumdioxid, nat\u00fcrliches Aroma), Verdickungsmittel: Hydroxypropylmethylcellulose, Aroma,\u00a0 Emulgator: Lecithin, S\u00fc\u00dfstoff: Sucralose.<\/p>\n<p><strong>Anmerkung:<\/strong> das PDF mit den Produktspezifikationen finden Sie hier: <a href=\"http:\/\/shop2026.sportselite.de\/wp-content\/uploads\/2025\/07\/2025-HaselnussBrownieRiegelSpezi.pdf\">Haselnuss Brownie Riegel<\/a><\/p>\n","protected":false},"excerpt":{"rendered":"<p>Riegel mit hohem Proteingehalt mit Haselnuss-Brownie Geschmack und Schokoladen-\u00dcberzug. Mit S\u00fc\u00dfungsmittel.<\/p>\n","protected":false},"featured_media":2878,"template":"","meta":{"inline_featured_image":false},"product_brand":[],"product_cat":[60],"product_tag":[],"class_list":{"0":"post-2940","1":"product","2":"type-product","3":"status-publish","4":"has-post-thumbnail","6":"product_cat-riegel","8":"first","9":"instock","10":"taxable","11":"shipping-taxable","12":"purchasable","13":"product-type-variable","14":"has-default-attributes"},"_links":{"self":[{"href":"https:\/\/shop2026.sportselite.de\/index.php?rest_route=\/wp\/v2\/product\/2940","targetHints":{"allow":["GET"]}}],"collection":[{"href":"https:\/\/shop2026.sportselite.de\/index.php?rest_route=\/wp\/v2\/product"}],"about":[{"href":"https:\/\/shop2026.sportselite.de\/index.php?rest_route=\/wp\/v2\/types\/product"}],"version-history":[{"count":5,"href":"https:\/\/shop2026.sportselite.de\/index.php?rest_route=\/wp\/v2\/product\/2940\/revisions"}],"predecessor-version":[{"id":3338,"href":"https:\/\/shop2026.sportselite.de\/index.php?rest_route=\/wp\/v2\/product\/2940\/revisions\/3338"}],"wp:featuredmedia":[{"embeddable":true,"href":"https:\/\/shop2026.sportselite.de\/index.php?rest_route=\/wp\/v2\/media\/2878"}],"wp:attachment":[{"href":"https:\/\/shop2026.sportselite.de\/index.php?rest_route=%2Fwp%2Fv2%2Fmedia&parent=2940"}],"wp:term":[{"taxonomy":"product_brand","embeddable":true,"href":"https:\/\/shop2026.sportselite.de\/index.php?rest_route=%2Fwp%2Fv2%2Fproduct_brand&post=2940"},{"taxonomy":"product_cat","embeddable":true,"href":"https:\/\/shop2026.sportselite.de\/index.php?rest_route=%2Fwp%2Fv2%2Fproduct_cat&post=2940"},{"taxonomy":"product_tag","embeddable":true,"href":"https:\/\/shop2026.sportselite.de\/index.php?rest_route=%2Fwp%2Fv2%2Fproduct_tag&post=2940"}],"curies":[{"name":"wp","href":"https:\/\/api.w.org\/{rel}","templated":true}]}}