{"id":3052,"date":"2025-09-09T12:18:09","date_gmt":"2025-09-09T10:18:09","guid":{"rendered":"https:\/\/shop2026.sportselite.de\/?post_type=product&#038;p=3052"},"modified":"2026-04-04T19:44:54","modified_gmt":"2026-04-04T17:44:54","slug":"best-white-protein-bar","status":"publish","type":"product","link":"https:\/\/shop2026.sportselite.de\/?product=best-white-protein-bar","title":{"rendered":"Best White Protein Bar"},"content":{"rendered":"<p><strong>Zutaten:<br \/>\n<\/strong>Mandeln, wei\u00dfe Schokolade (Zucker, Kakaobutter, Vollmilchpulver ), Emulgator: Sojalecithin, Vanilleextrakt) 25% Zichorienwurzelfaser, Milcheiwei\u00df, Feuchthaltemittel: Glycerin, Milcheiwe\u00dfisolat, Kollagenpeptide (Rind), Sojaprotein-Crisps: (Sojaproteinisolat, Tapiokamehl, Meersalz, Molkenproteinkonzentrat (Milch), Pflanzen\u00f6l (Kokosnuss) Karamell: S\u00fc\u00dfungsmittel Maltitsirup, Sahne (Milch), Feuchthaltemittel: Glycerin, Verdickungsmittel: St\u00e4rke, Milch, karamellisierter Zucker, Salz, nat\u00fcrliches Aroma, S\u00e4ureemulgator: Zitronens\u00e4ure), Wasser, Mandelpaste (N\u00fcsse) 1,7%, Sonnenblumen\u00f6lpulver (Sonnenblumen\u00f6l, modifizierte St\u00e4rke, Glukosesirup,Siliciumdioxid, nat\u00fcrliches Aroma), Verdickungsmittel: Hydroxypropylmethylcellulose, Aroma, Emulgator, Lecithin, S\u00fc\u00dfungsmittel: Sucralose,\u00a0Spuren von Gluten, Ei und anderen Schalenfr\u00fcchten k\u00f6nnen nicht ausgeschlossen werden. \/ Bei einer Temperatur zwischen 12\u00b0C und 21\u00b0C lagern. Vor direkter Sonneneinstrahlung, gro\u00dfen Temperaturschwankungen, Fremdger\u00fcchen und Feuchtigkeit sch\u00fctzen.<\/p>\n<p><strong>Anmerkung:<\/strong> das PDF mit den Produktspezifikationen finden Sie hier: <a href=\"https:\/\/shop2026.sportselite.de\/wp-content\/uploads\/2025\/09\/2025-WhiteProteinBar.pdf\">Best White Protein Bar<\/a><\/p>\n","protected":false},"excerpt":{"rendered":"<p>Riegel mit hohem Proteingehalt mit Mandeln und wei\u00dfem Schokoladen-\u00dcberzug. Mit S\u00fc\u00dfungsmittel.<\/p>\n","protected":false},"featured_media":3050,"template":"","meta":{"inline_featured_image":false},"product_brand":[],"product_cat":[60],"product_tag":[],"class_list":{"0":"post-3052","1":"product","2":"type-product","3":"status-publish","4":"has-post-thumbnail","6":"product_cat-riegel","8":"first","9":"instock","10":"taxable","11":"shipping-taxable","12":"purchasable","13":"product-type-variable","14":"has-default-attributes"},"_links":{"self":[{"href":"https:\/\/shop2026.sportselite.de\/index.php?rest_route=\/wp\/v2\/product\/3052","targetHints":{"allow":["GET"]}}],"collection":[{"href":"https:\/\/shop2026.sportselite.de\/index.php?rest_route=\/wp\/v2\/product"}],"about":[{"href":"https:\/\/shop2026.sportselite.de\/index.php?rest_route=\/wp\/v2\/types\/product"}],"version-history":[{"count":8,"href":"https:\/\/shop2026.sportselite.de\/index.php?rest_route=\/wp\/v2\/product\/3052\/revisions"}],"predecessor-version":[{"id":3067,"href":"https:\/\/shop2026.sportselite.de\/index.php?rest_route=\/wp\/v2\/product\/3052\/revisions\/3067"}],"wp:featuredmedia":[{"embeddable":true,"href":"https:\/\/shop2026.sportselite.de\/index.php?rest_route=\/wp\/v2\/media\/3050"}],"wp:attachment":[{"href":"https:\/\/shop2026.sportselite.de\/index.php?rest_route=%2Fwp%2Fv2%2Fmedia&parent=3052"}],"wp:term":[{"taxonomy":"product_brand","embeddable":true,"href":"https:\/\/shop2026.sportselite.de\/index.php?rest_route=%2Fwp%2Fv2%2Fproduct_brand&post=3052"},{"taxonomy":"product_cat","embeddable":true,"href":"https:\/\/shop2026.sportselite.de\/index.php?rest_route=%2Fwp%2Fv2%2Fproduct_cat&post=3052"},{"taxonomy":"product_tag","embeddable":true,"href":"https:\/\/shop2026.sportselite.de\/index.php?rest_route=%2Fwp%2Fv2%2Fproduct_tag&post=3052"}],"curies":[{"name":"wp","href":"https:\/\/api.w.org\/{rel}","templated":true}]}}